{"id":16,"date":"2025-06-11T14:07:49","date_gmt":"2025-06-11T12:07:49","guid":{"rendered":"https:\/\/andaveled.hu\/?page_id=16"},"modified":"2025-11-28T07:52:38","modified_gmt":"2025-11-28T06:52:38","slug":"szolgaltatasok","status":"publish","type":"page","link":"https:\/\/andaveled.hu\/en\/szolgaltatasok\/","title":{"rendered":"Services"},"content":{"rendered":"<div data-elementor-type=\"wp-page\" data-elementor-id=\"16\" class=\"elementor elementor-16\" data-elementor-post-type=\"page\">\n\t\t\t\t<div class=\"elementor-element elementor-element-7fc0854 e-con-full e-flex e-con e-parent\" data-id=\"7fc0854\" data-element_type=\"container\" data-e-type=\"container\" data-settings=\"{&quot;background_background&quot;:&quot;classic&quot;}\">\n\t\t\t\t<div class=\"elementor-element elementor-element-c3b5da0 elementor-widget elementor-widget-heading\" data-id=\"c3b5da0\" data-element_type=\"widget\" data-e-type=\"widget\" data-widget_type=\"heading.default\">\n\t\t\t\t<div class=\"elementor-widget-container\">\n\t\t\t\t\t<h2 class=\"elementor-heading-title elementor-size-default\">Services<\/h2>\t\t\t\t<\/div>\n\t\t\t\t<\/div>\n\t\t\t\t<\/div>\n\t\t<div class=\"elementor-element elementor-element-119c4d5 e-flex e-con-boxed e-con e-parent\" data-id=\"119c4d5\" data-element_type=\"container\" data-e-type=\"container\">\n\t\t\t\t\t<div class=\"e-con-inner\">\n\t\t<div class=\"elementor-element elementor-element-80aa137 e-con-full e-flex e-con e-child\" data-id=\"80aa137\" data-element_type=\"container\" data-e-type=\"container\">\n\t\t\t\t<div class=\"elementor-element elementor-element-f5d1876 elementor-widget elementor-widget-ucaddon_image_zoom_content_box\" data-id=\"f5d1876\" data-element_type=\"widget\" data-e-type=\"widget\" data-widget_type=\"ucaddon_image_zoom_content_box.default\">\n\t\t\t\t<div class=\"elementor-widget-container\">\n\t\t\t\t\t\n<!-- start Image Zoom Content Box -->\n<style>\/* widget: Image Zoom Content Box *\/\n\n.uc_content_box_zoom_effect *{\n\tpadding: 0;\n}\n#uc_image_zoom_content_box_elementor_f5d1876 {\n\tbackground-color: #fff;\n\ttransition: all 0.8s ease 0s;\n    overflow:hidden;\n    display:flex;\n}\n\n.uc_content_box_zoom_effect:hover .uc_image {\n\ttransition: all 0.8s ease 0s;\n}\n\n.uc_content_box_zoom_effect .uc_thumbnail {\n\tdisplay: block;\n\toverflow: hidden;\n\ttext-decoration: none;\n    flex-shrink:0;\n    flex-grow:0;\n  \n}\n#uc_image_zoom_content_box_elementor_f5d1876 .uc_image {\n\twidth: 100%;\n\ttransition: all 0.8s ease 0s;\n    mix-blend-mode: normal;\n    object-position: center center;\n    display:block;\n}\n.uc_content_box_zoom_effect .uc_title {\n\tdisplay: block;\n\tfont-size: 24px;\n\ttext-decoration: none;\n}\n.uc_content_box_zoom_effect .uc_content {\n\tline-height:1.5em;\n    \n}\n#uc_image_zoom_content_box_elementor_f5d1876 .uc_more {\n\tdisplay: ;\n\tcolor: #ffffff;\n\ttext-decoration: none;\n    background-color:#5e5e5e;\n   \n}\n\n#uc_image_zoom_content_box_elementor_f5d1876 .uc_more:hover {\n    background-color:#000000;\n    color:#ffffff;\n}\n\n#uc_image_zoom_content_box_elementor_f5d1876 .uc_content_box_zoom_effect_image\n{\nobject-fit:cover;\n}\n\n<\/style>\n\n<div class=\"uc_content_box_zoom_effect ue-box ue-boxcolumn\" id=\"uc_image_zoom_content_box_elementor_f5d1876\"> \n  \n  \n    <div class=\"uc_thumbnail\">\n        \t      <img fetchpriority=\"high\" decoding=\"async\" class=\"uc_image uc_content_box_zoom_effect_image\" src=\"https:\/\/andaveled.hu\/wp-content\/uploads\/2025\/11\/4739.jpg\"  alt=\"4739\" width=\"625\" height=\"666\" \/>\n          <\/div>\n  \n  \n  <div class=\"uc_content_box_zoom_effect_content\">\n                                <div class=\"uc_title\"><\/div>\n                <div class=\"uc_content\" style=\"text-align:center;\"><\/div>      <\/div>\n<\/div>\n<!-- end Image Zoom Content Box -->\t\t\t\t<\/div>\n\t\t\t\t<\/div>\n\t\t<div class=\"elementor-element elementor-element-c2f0822 e-con-full e-flex e-con e-child\" data-id=\"c2f0822\" data-element_type=\"container\" data-e-type=\"container\">\n\t\t\t\t<div class=\"elementor-element elementor-element-dd737f3 elementor-align-left elementor-widget elementor-widget-button\" data-id=\"dd737f3\" data-element_type=\"widget\" data-e-type=\"widget\" data-widget_type=\"button.default\">\n\t\t\t\t<div class=\"elementor-widget-container\">\n\t\t\t\t\t\t\t\t\t<div class=\"elementor-button-wrapper\">\n\t\t\t\t\t<a class=\"elementor-button elementor-button-link elementor-size-sm\" href=\"\/en\/serult-gyerek-a-csaladban\/\">\n\t\t\t\t\t\t<span class=\"elementor-button-content-wrapper\">\n\t\t\t\t\t\t\t\t\t<span class=\"elementor-button-text\">Disabled Child in the Family<\/span>\n\t\t\t\t\t<\/span>\n\t\t\t\t\t<\/a>\n\t\t\t\t<\/div>\n\t\t\t\t\t\t\t\t<\/div>\n\t\t\t\t<\/div>\n\t\t\t\t<\/div>\n\t\t\t\t<\/div>\n\t\t<div class=\"elementor-element elementor-element-895cfe6 e-con-full e-flex e-con e-child\" data-id=\"895cfe6\" data-element_type=\"container\" data-e-type=\"container\">\n\t\t\t\t<div class=\"elementor-element elementor-element-e688c48 elementor-widget elementor-widget-ucaddon_image_zoom_content_box\" data-id=\"e688c48\" data-element_type=\"widget\" data-e-type=\"widget\" data-widget_type=\"ucaddon_image_zoom_content_box.default\">\n\t\t\t\t<div class=\"elementor-widget-container\">\n\t\t\t\t\t\n<!-- start Image Zoom Content Box -->\n<style>\/* widget: Image Zoom Content Box *\/\n\n.uc_content_box_zoom_effect *{\n\tpadding: 0;\n}\n#uc_image_zoom_content_box_elementor_e688c48 {\n\tbackground-color: #fff;\n\ttransition: all 0.8s ease 0s;\n    overflow:hidden;\n    display:flex;\n}\n\n.uc_content_box_zoom_effect:hover .uc_image {\n\ttransition: all 0.8s ease 0s;\n}\n\n.uc_content_box_zoom_effect .uc_thumbnail {\n\tdisplay: block;\n\toverflow: hidden;\n\ttext-decoration: none;\n    flex-shrink:0;\n    flex-grow:0;\n  \n}\n#uc_image_zoom_content_box_elementor_e688c48 .uc_image {\n\twidth: 100%;\n\ttransition: all 0.8s ease 0s;\n    mix-blend-mode: normal;\n    object-position: center center;\n    display:block;\n}\n.uc_content_box_zoom_effect .uc_title {\n\tdisplay: block;\n\tfont-size: 24px;\n\ttext-decoration: none;\n}\n.uc_content_box_zoom_effect .uc_content {\n\tline-height:1.5em;\n    \n}\n#uc_image_zoom_content_box_elementor_e688c48 .uc_more {\n\tdisplay: ;\n\tcolor: #ffffff;\n\ttext-decoration: none;\n    background-color:#5e5e5e;\n   \n}\n\n#uc_image_zoom_content_box_elementor_e688c48 .uc_more:hover {\n    background-color:#000000;\n    color:#ffffff;\n}\n\n#uc_image_zoom_content_box_elementor_e688c48 .uc_content_box_zoom_effect_image\n{\nobject-fit:cover;\n}\n\n<\/style>\n\n<div class=\"uc_content_box_zoom_effect ue-box ue-boxcolumn\" id=\"uc_image_zoom_content_box_elementor_e688c48\"> \n  \n  \n    <div class=\"uc_thumbnail\">\n      <a href=\"\/en\/nyelvtanulas-maskepp\/\" >  \t      <img decoding=\"async\" class=\"uc_image uc_content_box_zoom_effect_image\" src=\"https:\/\/andaveled.hu\/wp-content\/uploads\/2025\/06\/szolg2-768x513.jpg\"  alt=\"szolg2\" width=\"768\" height=\"513\" \/>\n      <\/a>    <\/div>\n  \n  \n  <div class=\"uc_content_box_zoom_effect_content\">\n             <a href=\"\/en\/nyelvtanulas-maskepp\/\" >                   <div class=\"uc_title\"><\/div>\n        <\/a>        <div class=\"uc_content\" style=\"text-align:center;\"><\/div>      <\/div>\n<\/div>\n<!-- end Image Zoom Content Box -->\t\t\t\t<\/div>\n\t\t\t\t<\/div>\n\t\t<div class=\"elementor-element elementor-element-d90fb96 e-con-full e-flex e-con e-child\" data-id=\"d90fb96\" data-element_type=\"container\" data-e-type=\"container\">\n\t\t\t\t<div class=\"elementor-element elementor-element-4b5c38e elementor-align-left elementor-widget elementor-widget-button\" data-id=\"4b5c38e\" data-element_type=\"widget\" data-e-type=\"widget\" data-widget_type=\"button.default\">\n\t\t\t\t<div class=\"elementor-widget-container\">\n\t\t\t\t\t\t\t\t\t<div class=\"elementor-button-wrapper\">\n\t\t\t\t\t<a class=\"elementor-button elementor-button-link elementor-size-sm\" href=\"\/en\/nyelvtanulas-maskepp\/\">\n\t\t\t\t\t\t<span class=\"elementor-button-content-wrapper\">\n\t\t\t\t\t\t\t\t\t<span class=\"elementor-button-text\">Second Language Challenge<\/span>\n\t\t\t\t\t<\/span>\n\t\t\t\t\t<\/a>\n\t\t\t\t<\/div>\n\t\t\t\t\t\t\t\t<\/div>\n\t\t\t\t<\/div>\n\t\t\t\t<\/div>\n\t\t\t\t<\/div>\n\t\t<div class=\"elementor-element elementor-element-489471e e-con-full e-flex e-con e-child\" data-id=\"489471e\" data-element_type=\"container\" data-e-type=\"container\">\n\t\t\t\t<div class=\"elementor-element elementor-element-22b1d73 elementor-widget elementor-widget-ucaddon_image_zoom_content_box\" data-id=\"22b1d73\" data-element_type=\"widget\" data-e-type=\"widget\" data-widget_type=\"ucaddon_image_zoom_content_box.default\">\n\t\t\t\t<div class=\"elementor-widget-container\">\n\t\t\t\t\t\n<!-- start Image Zoom Content Box -->\n<style>\/* widget: Image Zoom Content Box *\/\n\n.uc_content_box_zoom_effect *{\n\tpadding: 0;\n}\n#uc_image_zoom_content_box_elementor_22b1d73 {\n\tbackground-color: #fff;\n\ttransition: all 0.8s ease 0s;\n    overflow:hidden;\n    display:flex;\n}\n\n.uc_content_box_zoom_effect:hover .uc_image {\n\ttransition: all 0.8s ease 0s;\n}\n\n.uc_content_box_zoom_effect .uc_thumbnail {\n\tdisplay: block;\n\toverflow: hidden;\n\ttext-decoration: none;\n    flex-shrink:0;\n    flex-grow:0;\n  \n}\n#uc_image_zoom_content_box_elementor_22b1d73 .uc_image {\n\twidth: 100%;\n\ttransition: all 0.8s ease 0s;\n    mix-blend-mode: normal;\n    object-position: center center;\n    display:block;\n}\n.uc_content_box_zoom_effect .uc_title {\n\tdisplay: block;\n\tfont-size: 24px;\n\ttext-decoration: none;\n}\n.uc_content_box_zoom_effect .uc_content {\n\tline-height:1.5em;\n    \n}\n#uc_image_zoom_content_box_elementor_22b1d73 .uc_more {\n\tdisplay: ;\n\tcolor: #ffffff;\n\ttext-decoration: none;\n    background-color:#5e5e5e;\n   \n}\n\n#uc_image_zoom_content_box_elementor_22b1d73 .uc_more:hover {\n    background-color:#000000;\n    color:#ffffff;\n}\n\n#uc_image_zoom_content_box_elementor_22b1d73 .uc_content_box_zoom_effect_image\n{\nobject-fit:cover;\n}\n\n<\/style>\n\n<div class=\"uc_content_box_zoom_effect ue-box ue-boxcolumn\" id=\"uc_image_zoom_content_box_elementor_22b1d73\"> \n  \n  \n    <div class=\"uc_thumbnail\">\n      <a href=\"\/en\/onismeret-ki-is-vagyok-en\/\" >  \t      <img decoding=\"async\" class=\"uc_image uc_content_box_zoom_effect_image\" src=\"https:\/\/andaveled.hu\/wp-content\/uploads\/2025\/11\/5069-768x512.jpg\"  alt=\"5069\" width=\"768\" height=\"512\" \/>\n      <\/a>    <\/div>\n  \n  \n  <div class=\"uc_content_box_zoom_effect_content\">\n             <a href=\"\/en\/onismeret-ki-is-vagyok-en\/\" >                   <div class=\"uc_title\"><\/div>\n        <\/a>        <div class=\"uc_content\" style=\"text-align:center;\"><\/div>      <\/div>\n<\/div>\n<!-- end Image Zoom Content Box -->\t\t\t\t<\/div>\n\t\t\t\t<\/div>\n\t\t<div class=\"elementor-element elementor-element-c44d355 e-con-full e-flex e-con e-child\" data-id=\"c44d355\" data-element_type=\"container\" data-e-type=\"container\">\n\t\t\t\t<div class=\"elementor-element elementor-element-b5ed2ca elementor-align-left elementor-widget elementor-widget-button\" data-id=\"b5ed2ca\" data-element_type=\"widget\" data-e-type=\"widget\" data-widget_type=\"button.default\">\n\t\t\t\t<div class=\"elementor-widget-container\">\n\t\t\t\t\t\t\t\t\t<div class=\"elementor-button-wrapper\">\n\t\t\t\t\t<a class=\"elementor-button elementor-button-link elementor-size-sm\" href=\"\/en\/onismeret-ki-is-vagyok-en\/\">\n\t\t\t\t\t\t<span class=\"elementor-button-content-wrapper\">\n\t\t\t\t\t\t\t\t\t<span class=\"elementor-button-text\">Self-awareness \u2013 How well do I know myself?<\/span>\n\t\t\t\t\t<\/span>\n\t\t\t\t\t<\/a>\n\t\t\t\t<\/div>\n\t\t\t\t\t\t\t\t<\/div>\n\t\t\t\t<\/div>\n\t\t\t\t<\/div>\n\t\t\t\t<\/div>\n\t\t\t\t\t<\/div>\n\t\t\t\t<\/div>\n\t\t<div class=\"elementor-element elementor-element-a6f48a3 e-flex e-con-boxed e-con e-parent\" data-id=\"a6f48a3\" data-element_type=\"container\" data-e-type=\"container\">\n\t\t\t\t\t<div class=\"e-con-inner\">\n\t\t<div class=\"elementor-element elementor-element-d3b2346 e-con-full e-flex e-con e-child\" data-id=\"d3b2346\" data-element_type=\"container\" data-e-type=\"container\">\n\t\t\t\t<div class=\"elementor-element elementor-element-6171c42 elementor-widget elementor-widget-ucaddon_image_zoom_content_box\" data-id=\"6171c42\" data-element_type=\"widget\" data-e-type=\"widget\" data-widget_type=\"ucaddon_image_zoom_content_box.default\">\n\t\t\t\t<div class=\"elementor-widget-container\">\n\t\t\t\t\t\n<!-- start Image Zoom Content Box -->\n<style>\/* widget: Image Zoom Content Box *\/\n\n.uc_content_box_zoom_effect *{\n\tpadding: 0;\n}\n#uc_image_zoom_content_box_elementor_6171c42 {\n\tbackground-color: #fff;\n\ttransition: all 0.8s ease 0s;\n    overflow:hidden;\n    display:flex;\n}\n\n.uc_content_box_zoom_effect:hover .uc_image {\n\ttransition: all 0.8s ease 0s;\n}\n\n.uc_content_box_zoom_effect .uc_thumbnail {\n\tdisplay: block;\n\toverflow: hidden;\n\ttext-decoration: none;\n    flex-shrink:0;\n    flex-grow:0;\n  \n}\n#uc_image_zoom_content_box_elementor_6171c42 .uc_image {\n\twidth: 100%;\n\ttransition: all 0.8s ease 0s;\n    mix-blend-mode: normal;\n    object-position: center center;\n    display:block;\n}\n.uc_content_box_zoom_effect .uc_title {\n\tdisplay: block;\n\tfont-size: 24px;\n\ttext-decoration: none;\n}\n.uc_content_box_zoom_effect .uc_content {\n\tline-height:1.5em;\n    \n}\n#uc_image_zoom_content_box_elementor_6171c42 .uc_more {\n\tdisplay: ;\n\tcolor: #ffffff;\n\ttext-decoration: none;\n    background-color:#5e5e5e;\n   \n}\n\n#uc_image_zoom_content_box_elementor_6171c42 .uc_more:hover {\n    background-color:#000000;\n    color:#ffffff;\n}\n\n#uc_image_zoom_content_box_elementor_6171c42 .uc_content_box_zoom_effect_image\n{\nobject-fit:cover;\n}\n\n<\/style>\n\n<div class=\"uc_content_box_zoom_effect ue-box ue-boxcolumn\" id=\"uc_image_zoom_content_box_elementor_6171c42\"> \n  \n  \n    <div class=\"uc_thumbnail\">\n        \t      <img loading=\"lazy\" decoding=\"async\" class=\"uc_image uc_content_box_zoom_effect_image\" src=\"https:\/\/andaveled.hu\/wp-content\/uploads\/2025\/06\/szolg4-768x512.jpg\"  alt=\"szolg4\" width=\"768\" height=\"512\" \/>\n          <\/div>\n  \n  \n  <div class=\"uc_content_box_zoom_effect_content\">\n                                <div class=\"uc_title\"><\/div>\n                <div class=\"uc_content\" style=\"text-align:center;\"><\/div>      <\/div>\n<\/div>\n<!-- end Image Zoom Content Box -->\t\t\t\t<\/div>\n\t\t\t\t<\/div>\n\t\t<div class=\"elementor-element elementor-element-368c2b0 e-con-full e-flex e-con e-child\" data-id=\"368c2b0\" data-element_type=\"container\" data-e-type=\"container\">\n\t\t\t\t<div class=\"elementor-element elementor-element-93fbf78 elementor-align-left elementor-widget elementor-widget-button\" data-id=\"93fbf78\" data-element_type=\"widget\" data-e-type=\"widget\" data-widget_type=\"button.default\">\n\t\t\t\t<div class=\"elementor-widget-container\">\n\t\t\t\t\t\t\t\t\t<div class=\"elementor-button-wrapper\">\n\t\t\t\t\t<a class=\"elementor-button elementor-button-link elementor-size-sm\" href=\"\/en\/konfliktus-kezeles-hogyan-mondjam-meg\/\">\n\t\t\t\t\t\t<span class=\"elementor-button-content-wrapper\">\n\t\t\t\t\t\t\t\t\t<span class=\"elementor-button-text\">Conflict Management<\/span>\n\t\t\t\t\t<\/span>\n\t\t\t\t\t<\/a>\n\t\t\t\t<\/div>\n\t\t\t\t\t\t\t\t<\/div>\n\t\t\t\t<\/div>\n\t\t\t\t<\/div>\n\t\t\t\t<\/div>\n\t\t<div class=\"elementor-element elementor-element-979e066 e-con-full e-flex e-con e-child\" data-id=\"979e066\" data-element_type=\"container\" data-e-type=\"container\">\n\t\t\t\t<div class=\"elementor-element elementor-element-579bb6a elementor-widget elementor-widget-ucaddon_image_zoom_content_box\" data-id=\"579bb6a\" data-element_type=\"widget\" data-e-type=\"widget\" data-widget_type=\"ucaddon_image_zoom_content_box.default\">\n\t\t\t\t<div class=\"elementor-widget-container\">\n\t\t\t\t\t\n<!-- start Image Zoom Content Box -->\n<style>\/* widget: Image Zoom Content Box *\/\n\n.uc_content_box_zoom_effect *{\n\tpadding: 0;\n}\n#uc_image_zoom_content_box_elementor_579bb6a {\n\tbackground-color: #fff;\n\ttransition: all 0.8s ease 0s;\n    overflow:hidden;\n    display:flex;\n}\n\n.uc_content_box_zoom_effect:hover .uc_image {\n\ttransition: all 0.8s ease 0s;\n}\n\n.uc_content_box_zoom_effect .uc_thumbnail {\n\tdisplay: block;\n\toverflow: hidden;\n\ttext-decoration: none;\n    flex-shrink:0;\n    flex-grow:0;\n  \n}\n#uc_image_zoom_content_box_elementor_579bb6a .uc_image {\n\twidth: 100%;\n\ttransition: all 0.8s ease 0s;\n    mix-blend-mode: normal;\n    object-position: center center;\n    display:block;\n}\n.uc_content_box_zoom_effect .uc_title {\n\tdisplay: block;\n\tfont-size: 24px;\n\ttext-decoration: none;\n}\n.uc_content_box_zoom_effect .uc_content {\n\tline-height:1.5em;\n    \n}\n#uc_image_zoom_content_box_elementor_579bb6a .uc_more {\n\tdisplay: ;\n\tcolor: #ffffff;\n\ttext-decoration: none;\n    background-color:#5e5e5e;\n   \n}\n\n#uc_image_zoom_content_box_elementor_579bb6a .uc_more:hover {\n    background-color:#000000;\n    color:#ffffff;\n}\n\n#uc_image_zoom_content_box_elementor_579bb6a .uc_content_box_zoom_effect_image\n{\nobject-fit:cover;\n}\n\n<\/style>\n\n<div class=\"uc_content_box_zoom_effect ue-box ue-boxcolumn\" id=\"uc_image_zoom_content_box_elementor_579bb6a\"> \n  \n  \n    <div class=\"uc_thumbnail\">\n      <a href=\"\/en\/kommunikacio-beszelgessunk-a-beszelgetesrol\/\" >  \t      <img loading=\"lazy\" decoding=\"async\" class=\"uc_image uc_content_box_zoom_effect_image\" src=\"https:\/\/andaveled.hu\/wp-content\/uploads\/2025\/06\/szolg5-768x512.jpg\"  alt=\"szolg5\" width=\"768\" height=\"512\" \/>\n      <\/a>    <\/div>\n  \n  \n  <div class=\"uc_content_box_zoom_effect_content\">\n             <a href=\"\/en\/kommunikacio-beszelgessunk-a-beszelgetesrol\/\" >                   <div class=\"uc_title\"><\/div>\n        <\/a>        <div class=\"uc_content\" style=\"text-align:center;\"><\/div>      <\/div>\n<\/div>\n<!-- end Image Zoom Content Box -->\t\t\t\t<\/div>\n\t\t\t\t<\/div>\n\t\t<div class=\"elementor-element elementor-element-f76b1e6 e-con-full e-flex e-con e-child\" data-id=\"f76b1e6\" data-element_type=\"container\" data-e-type=\"container\">\n\t\t\t\t<div class=\"elementor-element elementor-element-63ccb38 elementor-align-left elementor-widget elementor-widget-button\" data-id=\"63ccb38\" data-element_type=\"widget\" data-e-type=\"widget\" data-widget_type=\"button.default\">\n\t\t\t\t<div class=\"elementor-widget-container\">\n\t\t\t\t\t\t\t\t\t<div class=\"elementor-button-wrapper\">\n\t\t\t\t\t<a class=\"elementor-button elementor-button-link elementor-size-sm\" href=\"\/en\/kommunikacio-beszelgessunk-a-beszelgetesrol\/\">\n\t\t\t\t\t\t<span class=\"elementor-button-content-wrapper\">\n\t\t\t\t\t\t\t\t\t<span class=\"elementor-button-text\">Let's talk about talking!<\/span>\n\t\t\t\t\t<\/span>\n\t\t\t\t\t<\/a>\n\t\t\t\t<\/div>\n\t\t\t\t\t\t\t\t<\/div>\n\t\t\t\t<\/div>\n\t\t\t\t<\/div>\n\t\t\t\t<\/div>\n\t\t<div class=\"elementor-element elementor-element-d12d9c8 e-con-full e-flex e-con e-child\" data-id=\"d12d9c8\" data-element_type=\"container\" data-e-type=\"container\">\n\t\t\t\t<div class=\"elementor-element elementor-element-7c3d679 elementor-widget elementor-widget-ucaddon_image_zoom_content_box\" data-id=\"7c3d679\" data-element_type=\"widget\" data-e-type=\"widget\" data-widget_type=\"ucaddon_image_zoom_content_box.default\">\n\t\t\t\t<div class=\"elementor-widget-container\">\n\t\t\t\t\t\n<!-- start Image Zoom Content Box -->\n<style>\/* widget: Image Zoom Content Box *\/\n\n.uc_content_box_zoom_effect *{\n\tpadding: 0;\n}\n#uc_image_zoom_content_box_elementor_7c3d679 {\n\tbackground-color: #fff;\n\ttransition: all 0.8s ease 0s;\n    overflow:hidden;\n    display:flex;\n}\n\n.uc_content_box_zoom_effect:hover .uc_image {\n\ttransition: all 0.8s ease 0s;\n}\n\n.uc_content_box_zoom_effect .uc_thumbnail {\n\tdisplay: block;\n\toverflow: hidden;\n\ttext-decoration: none;\n    flex-shrink:0;\n    flex-grow:0;\n  \n}\n#uc_image_zoom_content_box_elementor_7c3d679 .uc_image {\n\twidth: 100%;\n\ttransition: all 0.8s ease 0s;\n    mix-blend-mode: normal;\n    object-position: center center;\n    display:block;\n}\n.uc_content_box_zoom_effect .uc_title {\n\tdisplay: block;\n\tfont-size: 24px;\n\ttext-decoration: none;\n}\n.uc_content_box_zoom_effect .uc_content {\n\tline-height:1.5em;\n    \n}\n#uc_image_zoom_content_box_elementor_7c3d679 .uc_more {\n\tdisplay: ;\n\tcolor: #ffffff;\n\ttext-decoration: none;\n    background-color:#5e5e5e;\n   \n}\n\n#uc_image_zoom_content_box_elementor_7c3d679 .uc_more:hover {\n    background-color:#000000;\n    color:#ffffff;\n}\n\n#uc_image_zoom_content_box_elementor_7c3d679 .uc_content_box_zoom_effect_image\n{\nobject-fit:cover;\n}\n\n<\/style>\n\n<div class=\"uc_content_box_zoom_effect ue-box ue-boxcolumn\" id=\"uc_image_zoom_content_box_elementor_7c3d679\"> \n  \n  \n    <div class=\"uc_thumbnail\">\n      <a href=\"\/en\/first-aid-krizisben\/\" >  \t      <img loading=\"lazy\" decoding=\"async\" class=\"uc_image uc_content_box_zoom_effect_image\" src=\"https:\/\/andaveled.hu\/wp-content\/uploads\/2025\/06\/szolg6-768x512.jpg\"  alt=\"szolg6\" width=\"768\" height=\"512\" \/>\n      <\/a>    <\/div>\n  \n  \n  <div class=\"uc_content_box_zoom_effect_content\">\n             <a href=\"\/en\/first-aid-krizisben\/\" >                   <div class=\"uc_title\"><\/div>\n        <\/a>        <div class=\"uc_content\" style=\"text-align:center;\"><\/div>      <\/div>\n<\/div>\n<!-- end Image Zoom Content Box -->\t\t\t\t<\/div>\n\t\t\t\t<\/div>\n\t\t<div class=\"elementor-element elementor-element-54d28bf e-con-full e-flex e-con e-child\" data-id=\"54d28bf\" data-element_type=\"container\" data-e-type=\"container\">\n\t\t\t\t<div class=\"elementor-element elementor-element-dc1e1de elementor-align-left elementor-widget elementor-widget-button\" data-id=\"dc1e1de\" data-element_type=\"widget\" data-e-type=\"widget\" data-widget_type=\"button.default\">\n\t\t\t\t<div class=\"elementor-widget-container\">\n\t\t\t\t\t\t\t\t\t<div class=\"elementor-button-wrapper\">\n\t\t\t\t\t<a class=\"elementor-button elementor-button-link elementor-size-sm\" href=\"\/en\/first-aid-krizisben\/\">\n\t\t\t\t\t\t<span class=\"elementor-button-content-wrapper\">\n\t\t\t\t\t\t\t\t\t<span class=\"elementor-button-text\">First Aid in Crisis <\/span>\n\t\t\t\t\t<\/span>\n\t\t\t\t\t<\/a>\n\t\t\t\t<\/div>\n\t\t\t\t\t\t\t\t<\/div>\n\t\t\t\t<\/div>\n\t\t\t\t<\/div>\n\t\t\t\t<\/div>\n\t\t\t\t\t<\/div>\n\t\t\t\t<\/div>\n\t\t<div class=\"elementor-element elementor-element-c1fc4ca elementor-hidden-desktop elementor-hidden-laptop elementor-hidden-tablet_extra elementor-hidden-tablet elementor-hidden-mobile_extra elementor-hidden-mobile e-flex e-con-boxed e-con e-parent\" data-id=\"c1fc4ca\" data-element_type=\"container\" data-e-type=\"container\">\n\t\t\t\t\t<div class=\"e-con-inner\">\n\t\t\t\t<div class=\"elementor-element elementor-element-f2dec34 elementor-widget elementor-widget-button\" data-id=\"f2dec34\" data-element_type=\"widget\" data-e-type=\"widget\" data-widget_type=\"button.default\">\n\t\t\t\t<div class=\"elementor-widget-container\">\n\t\t\t\t\t\t\t\t\t<div class=\"elementor-button-wrapper\">\n\t\t\t\t\t<a class=\"elementor-button elementor-button-link elementor-size-sm\" href=\"#elementor-action%3Aaction%3Dpopup%3Aopen%26settings%3DeyJpZCI6IjgzMSIsInRvZ2dsZSI6ZmFsc2V9\">\n\t\t\t\t\t\t<span class=\"elementor-button-content-wrapper\">\n\t\t\t\t\t\t\t\t\t<span class=\"elementor-button-text\">Kattints ide<\/span>\n\t\t\t\t\t<\/span>\n\t\t\t\t\t<\/a>\n\t\t\t\t<\/div>\n\t\t\t\t\t\t\t\t<\/div>\n\t\t\t\t<\/div>\n\t\t\t\t\t<\/div>\n\t\t\t\t<\/div>\n\t\t\t\t<\/div>","protected":false},"excerpt":{"rendered":"<p>Szolg\u00e1ltat\u00e1sok S\u00e9r\u00fclt gyerek a csal\u00e1dban Nyelvtanul\u00e1s m\u00e1sk\u00e9pp \u00d6nismeret \u2013 Ki is vagyok \u00e9n? Konfliktus kezel\u00e9s Besz\u00e9lgess\u00fcnk a besz\u00e9lget\u00e9sr\u0151l! First Aid kr\u00edzisben Kattints ide<\/p>","protected":false},"author":1,"featured_media":0,"parent":0,"menu_order":0,"comment_status":"closed","ping_status":"closed","template":"","meta":{"iawp_total_views":33,"footnotes":""},"class_list":["post-16","page","type-page","status-publish","hentry"],"_links":{"self":[{"href":"https:\/\/andaveled.hu\/en\/wp-json\/wp\/v2\/pages\/16","targetHints":{"allow":["GET"]}}],"collection":[{"href":"https:\/\/andaveled.hu\/en\/wp-json\/wp\/v2\/pages"}],"about":[{"href":"https:\/\/andaveled.hu\/en\/wp-json\/wp\/v2\/types\/page"}],"author":[{"embeddable":true,"href":"https:\/\/andaveled.hu\/en\/wp-json\/wp\/v2\/users\/1"}],"replies":[{"embeddable":true,"href":"https:\/\/andaveled.hu\/en\/wp-json\/wp\/v2\/comments?post=16"}],"version-history":[{"count":46,"href":"https:\/\/andaveled.hu\/en\/wp-json\/wp\/v2\/pages\/16\/revisions"}],"predecessor-version":[{"id":1459,"href":"https:\/\/andaveled.hu\/en\/wp-json\/wp\/v2\/pages\/16\/revisions\/1459"}],"wp:attachment":[{"href":"https:\/\/andaveled.hu\/en\/wp-json\/wp\/v2\/media?parent=16"}],"curies":[{"name":"wp","href":"https:\/\/api.w.org\/{rel}","templated":true}]}}